{"id":7127,"date":"2025-04-28T13:37:33","date_gmt":"2025-04-28T11:37:33","guid":{"rendered":"https:\/\/theone4success.com\/?post_type=product&#038;p=7127"},"modified":"2025-04-28T13:38:11","modified_gmt":"2025-04-28T11:38:11","slug":"areon-ceramic-disc-20-ml-under-the-mystic-tree","status":"publish","type":"product","link":"https:\/\/theone4success.com\/ro\/products\/areon-ceramic-disc-20-ml-under-the-mystic-tree\/","title":{"rendered":"Areon Ceramic Disc 20 ml &#8211; Under the Mystic Tree"},"content":{"rendered":"<div data-elementor-type=\"product-post\" data-elementor-id=\"7127\" class=\"elementor elementor-7127\" data-elementor-post-type=\"product\">\n\t\t\t\t\t\t<section class=\"elementor-section elementor-top-section elementor-element elementor-element-c422de2 elementor-section-boxed elementor-section-height-default elementor-section-height-default\" data-id=\"c422de2\" data-element_type=\"section\">\n\t\t\t\t\t\t<div class=\"elementor-container elementor-column-gap-wide\">\n\t\t\t\t\t<div class=\"elementor-column elementor-col-100 elementor-top-column elementor-element elementor-element-149478d\" data-id=\"149478d\" data-element_type=\"column\">\n\t\t\t<div class=\"elementor-widget-wrap elementor-element-populated\">\n\t\t\t\t\t\t<div class=\"elementor-element elementor-element-5f4fc31 elementor-widget elementor-widget-heading\" data-id=\"5f4fc31\" data-element_type=\"widget\" data-widget_type=\"heading.default\">\n\t\t\t\t<div class=\"elementor-widget-container\">\n\t\t\t<h5 class=\"elementor-heading-title elementor-size-default\">DESCRIERE PRODUS<\/h5>\t\t<\/div>\n\t\t\t\t<\/div>\n\t\t\t\t<div class=\"elementor-element elementor-element-8a9e7d8 elementor-widget elementor-widget-spacer\" data-id=\"8a9e7d8\" data-element_type=\"widget\" data-widget_type=\"spacer.default\">\n\t\t\t\t<div class=\"elementor-widget-container\">\n\t\t\t\t\t<div class=\"elementor-spacer\">\n\t\t\t<div class=\"elementor-spacer-inner\"><\/div>\n\t\t<\/div>\n\t\t\t\t<\/div>\n\t\t\t\t<\/div>\n\t\t\t\t<div class=\"elementor-element elementor-element-00c29b4 elementor-widget elementor-widget-woocommerce-product-short-description\" data-id=\"00c29b4\" data-element_type=\"widget\" data-widget_type=\"woocommerce-product-short-description.default\">\n\t\t\t\t<div class=\"elementor-widget-container\">\n\t\t\t<div class=\"woocommerce-product-details__short-description\">\n\t<p>&nbsp; <\/p>\n<p>R\u0103sfa\u021b\u0103-\u021bi ziua de zi cu zi cu aceste frumoase discuri ceramice parfumate care \u00ee\u021bi vor parfuma u\u0219or dulapul, camera sau ma\u0219ina.<\/p>\n<p>Un parfum \u00eenv\u0103luit \u00een secret \u0219i mistic\u0103, acesta este un parfum care nu va cople\u0219i, ci va l\u0103sa urme subtile \u0219i delicate de note lemnoase, verzi \u0219i fructate.<\/p>\n<\/div>\n\t\t<\/div>\n\t\t\t\t<\/div>\n\t\t\t\t<div class=\"elementor-element elementor-element-4d7ac40 elementor-widget elementor-widget-spacer\" data-id=\"4d7ac40\" data-element_type=\"widget\" data-widget_type=\"spacer.default\">\n\t\t\t\t<div class=\"elementor-widget-container\">\n\t\t\t\t\t<div class=\"elementor-spacer\">\n\t\t\t<div class=\"elementor-spacer-inner\"><\/div>\n\t\t<\/div>\n\t\t\t\t<\/div>\n\t\t\t\t<\/div>\n\t\t\t\t\t<\/div>\n\t\t<\/div>\n\t\t\t\t\t<\/div>\n\t\t<\/section>\n\t\t\t\t<\/div>","protected":false},"excerpt":{"rendered":"<p>&nbsp; <\/p>\n<p>R\u0103sfa\u021b\u0103-\u021bi ziua de zi cu zi cu aceste frumoase discuri ceramice parfumate care \u00ee\u021bi vor parfuma u\u0219or dulapul, camera sau ma\u0219ina.<\/p>\n<p>Un parfum \u00eenv\u0103luit \u00een secret \u0219i mistic\u0103, acesta este un parfum care nu va cople\u0219i, ci va l\u0103sa urme subtile \u0219i delicate de note lemnoase, verzi \u0219i fructate.<\/p>","protected":false},"featured_media":7116,"comment_status":"open","ping_status":"closed","template":"","meta":[],"product_cat":[318,262,264],"product_tag":[],"class_list":{"0":"post-7127","1":"product","2":"type-product","3":"status-publish","4":"has-post-thumbnail","6":"product_cat-ceramic-disc","7":"product_cat-home-perfumes","8":"product_cat-small-room","10":"first","11":"instock","12":"shipping-taxable","13":"product-type-simple"},"_links":{"self":[{"href":"https:\/\/theone4success.com\/ro\/wp-json\/wp\/v2\/product\/7127","targetHints":{"allow":["GET"]}}],"collection":[{"href":"https:\/\/theone4success.com\/ro\/wp-json\/wp\/v2\/product"}],"about":[{"href":"https:\/\/theone4success.com\/ro\/wp-json\/wp\/v2\/types\/product"}],"replies":[{"embeddable":true,"href":"https:\/\/theone4success.com\/ro\/wp-json\/wp\/v2\/comments?post=7127"}],"version-history":[{"count":1,"href":"https:\/\/theone4success.com\/ro\/wp-json\/wp\/v2\/product\/7127\/revisions"}],"predecessor-version":[{"id":7128,"href":"https:\/\/theone4success.com\/ro\/wp-json\/wp\/v2\/product\/7127\/revisions\/7128"}],"wp:featuredmedia":[{"embeddable":true,"href":"https:\/\/theone4success.com\/ro\/wp-json\/wp\/v2\/media\/7116"}],"wp:attachment":[{"href":"https:\/\/theone4success.com\/ro\/wp-json\/wp\/v2\/media?parent=7127"}],"wp:term":[{"taxonomy":"product_cat","embeddable":true,"href":"https:\/\/theone4success.com\/ro\/wp-json\/wp\/v2\/product_cat?post=7127"},{"taxonomy":"product_tag","embeddable":true,"href":"https:\/\/theone4success.com\/ro\/wp-json\/wp\/v2\/product_tag?post=7127"}],"curies":[{"name":"wp","href":"https:\/\/api.w.org\/{rel}","templated":true}]}}