{"id":6677,"date":"2025-04-27T23:34:25","date_gmt":"2025-04-27T21:34:25","guid":{"rendered":"https:\/\/theone4success.com\/?post_type=product&#038;p=6677"},"modified":"2025-04-27T23:35:04","modified_gmt":"2025-04-27T21:35:04","slug":"areon-home-perfume-exclusive-150-ml-arctic-road","status":"publish","type":"product","link":"https:\/\/theone4success.com\/ro\/products\/areon-home-perfume-exclusive-150-ml-arctic-road\/","title":{"rendered":"Areon Home Perfume Exclusive 150 ml &#8211; Arctic Road"},"content":{"rendered":"<div data-elementor-type=\"product-post\" data-elementor-id=\"6677\" class=\"elementor elementor-6677\" data-elementor-post-type=\"product\">\n\t\t\t\t\t\t<section class=\"elementor-section elementor-top-section elementor-element elementor-element-c422de2 elementor-section-boxed elementor-section-height-default elementor-section-height-default\" data-id=\"c422de2\" data-element_type=\"section\">\n\t\t\t\t\t\t<div class=\"elementor-container elementor-column-gap-wide\">\n\t\t\t\t\t<div class=\"elementor-column elementor-col-100 elementor-top-column elementor-element elementor-element-149478d\" data-id=\"149478d\" data-element_type=\"column\">\n\t\t\t<div class=\"elementor-widget-wrap elementor-element-populated\">\n\t\t\t\t\t\t<div class=\"elementor-element elementor-element-5f4fc31 elementor-widget elementor-widget-heading\" data-id=\"5f4fc31\" data-element_type=\"widget\" data-widget_type=\"heading.default\">\n\t\t\t\t<div class=\"elementor-widget-container\">\n\t\t\t<h5 class=\"elementor-heading-title elementor-size-default\">DESCRIERE PRODUS<\/h5>\t\t<\/div>\n\t\t\t\t<\/div>\n\t\t\t\t<div class=\"elementor-element elementor-element-8a9e7d8 elementor-widget elementor-widget-spacer\" data-id=\"8a9e7d8\" data-element_type=\"widget\" data-widget_type=\"spacer.default\">\n\t\t\t\t<div class=\"elementor-widget-container\">\n\t\t\t\t\t<div class=\"elementor-spacer\">\n\t\t\t<div class=\"elementor-spacer-inner\"><\/div>\n\t\t<\/div>\n\t\t\t\t<\/div>\n\t\t\t\t<\/div>\n\t\t\t\t<div class=\"elementor-element elementor-element-00c29b4 elementor-widget elementor-widget-woocommerce-product-short-description\" data-id=\"00c29b4\" data-element_type=\"widget\" data-widget_type=\"woocommerce-product-short-description.default\">\n\t\t\t\t<div class=\"elementor-widget-container\">\n\t\t\t<div class=\"woocommerce-product-details__short-description\">\n\t<p>&nbsp; <\/p>\n<p>Un parfum exclusivist pentru cas\u0103, decorat cu be\u021bi\u0219oare din fibr\u0103 neagr\u0103, de care te po\u021bi bucura pentru a crea confort \u00een propriul spa\u021biu.<\/p>\n<p>Noul Arctic Road este un parfum r\u0103coritor, aromatic-lemnos, care aduce un val de prospe\u021bime glacial\u0103. Notele de v\u00e2rf de ment\u0103 \u00eenghe\u021bat\u0103 duc spre o inim\u0103 dominat\u0103 de note lemnoase. Notele de baz\u0103 prezint\u0103 lemn uscat \u0219i un caracter moscat.<\/p>\n<\/div>\n\t\t<\/div>\n\t\t\t\t<\/div>\n\t\t\t\t<div class=\"elementor-element elementor-element-4d7ac40 elementor-widget elementor-widget-spacer\" data-id=\"4d7ac40\" data-element_type=\"widget\" data-widget_type=\"spacer.default\">\n\t\t\t\t<div class=\"elementor-widget-container\">\n\t\t\t\t\t<div class=\"elementor-spacer\">\n\t\t\t<div class=\"elementor-spacer-inner\"><\/div>\n\t\t<\/div>\n\t\t\t\t<\/div>\n\t\t\t\t<\/div>\n\t\t\t\t\t<\/div>\n\t\t<\/div>\n\t\t\t\t\t<\/div>\n\t\t<\/section>\n\t\t\t\t<\/div>","protected":false},"excerpt":{"rendered":"<p>&nbsp; <\/p>\n<p>Un parfum exclusivist pentru cas\u0103, decorat cu be\u021bi\u0219oare din fibr\u0103 neagr\u0103, de care te po\u021bi bucura pentru a crea confort \u00een propriul spa\u021biu.<\/p>\n<p>Noul Arctic Road este un parfum r\u0103coritor, aromatic-lemnos, care aduce un val de prospe\u021bime glacial\u0103. Notele de v\u00e2rf de ment\u0103 \u00eenghe\u021bat\u0103 duc spre o inim\u0103 dominat\u0103 de note lemnoase. Notele de baz\u0103 prezint\u0103 lemn uscat \u0219i un caracter moscat.<\/p>","protected":false},"featured_media":6666,"comment_status":"open","ping_status":"closed","template":"","meta":[],"product_cat":[282,262,268,263],"product_tag":[],"class_list":{"0":"post-6677","1":"product","2":"type-product","3":"status-publish","4":"has-post-thumbnail","6":"product_cat-exclusive","7":"product_cat-home-perfumes","8":"product_cat-home-perfumes-150-ml","9":"product_cat-reed-diffusers","11":"first","12":"instock","13":"shipping-taxable","14":"product-type-simple"},"_links":{"self":[{"href":"https:\/\/theone4success.com\/ro\/wp-json\/wp\/v2\/product\/6677","targetHints":{"allow":["GET"]}}],"collection":[{"href":"https:\/\/theone4success.com\/ro\/wp-json\/wp\/v2\/product"}],"about":[{"href":"https:\/\/theone4success.com\/ro\/wp-json\/wp\/v2\/types\/product"}],"replies":[{"embeddable":true,"href":"https:\/\/theone4success.com\/ro\/wp-json\/wp\/v2\/comments?post=6677"}],"version-history":[{"count":1,"href":"https:\/\/theone4success.com\/ro\/wp-json\/wp\/v2\/product\/6677\/revisions"}],"predecessor-version":[{"id":6678,"href":"https:\/\/theone4success.com\/ro\/wp-json\/wp\/v2\/product\/6677\/revisions\/6678"}],"wp:featuredmedia":[{"embeddable":true,"href":"https:\/\/theone4success.com\/ro\/wp-json\/wp\/v2\/media\/6666"}],"wp:attachment":[{"href":"https:\/\/theone4success.com\/ro\/wp-json\/wp\/v2\/media?parent=6677"}],"wp:term":[{"taxonomy":"product_cat","embeddable":true,"href":"https:\/\/theone4success.com\/ro\/wp-json\/wp\/v2\/product_cat?post=6677"},{"taxonomy":"product_tag","embeddable":true,"href":"https:\/\/theone4success.com\/ro\/wp-json\/wp\/v2\/product_tag?post=6677"}],"curies":[{"name":"wp","href":"https:\/\/api.w.org\/{rel}","templated":true}]}}