{"id":6527,"date":"2025-04-27T22:03:50","date_gmt":"2025-04-27T20:03:50","guid":{"rendered":"https:\/\/theone4success.com\/?post_type=product&#038;p=6527"},"modified":"2025-04-27T22:04:27","modified_gmt":"2025-04-27T20:04:27","slug":"areon-home-perfume-new-design-150-ml-nordic-forest","status":"publish","type":"product","link":"https:\/\/theone4success.com\/ro\/products\/areon-home-perfume-new-design-150-ml-nordic-forest\/","title":{"rendered":"Areon Home Perfume New Design 150 ml &#8211; Nordic Forest"},"content":{"rendered":"<div data-elementor-type=\"product-post\" data-elementor-id=\"6527\" class=\"elementor elementor-6527\" data-elementor-post-type=\"product\">\n\t\t\t\t\t\t<section class=\"elementor-section elementor-top-section elementor-element elementor-element-c422de2 elementor-section-boxed elementor-section-height-default elementor-section-height-default\" data-id=\"c422de2\" data-element_type=\"section\">\n\t\t\t\t\t\t<div class=\"elementor-container elementor-column-gap-wide\">\n\t\t\t\t\t<div class=\"elementor-column elementor-col-100 elementor-top-column elementor-element elementor-element-149478d\" data-id=\"149478d\" data-element_type=\"column\">\n\t\t\t<div class=\"elementor-widget-wrap elementor-element-populated\">\n\t\t\t\t\t\t<div class=\"elementor-element elementor-element-5f4fc31 elementor-widget elementor-widget-heading\" data-id=\"5f4fc31\" data-element_type=\"widget\" data-widget_type=\"heading.default\">\n\t\t\t\t<div class=\"elementor-widget-container\">\n\t\t\t<h5 class=\"elementor-heading-title elementor-size-default\">DESCRIERE PRODUS<\/h5>\t\t<\/div>\n\t\t\t\t<\/div>\n\t\t\t\t<div class=\"elementor-element elementor-element-8a9e7d8 elementor-widget elementor-widget-spacer\" data-id=\"8a9e7d8\" data-element_type=\"widget\" data-widget_type=\"spacer.default\">\n\t\t\t\t<div class=\"elementor-widget-container\">\n\t\t\t\t\t<div class=\"elementor-spacer\">\n\t\t\t<div class=\"elementor-spacer-inner\"><\/div>\n\t\t<\/div>\n\t\t\t\t<\/div>\n\t\t\t\t<\/div>\n\t\t\t\t<div class=\"elementor-element elementor-element-00c29b4 elementor-widget elementor-widget-woocommerce-product-short-description\" data-id=\"00c29b4\" data-element_type=\"widget\" data-widget_type=\"woocommerce-product-short-description.default\">\n\t\t\t\t<div class=\"elementor-widget-container\">\n\t\t\t<div class=\"woocommerce-product-details__short-description\">\n\t<p>&nbsp; <\/p>\n<p>Difuzor cu be\u021bi\u0219oare, cu un parfum floral elegant, care va crea o atmosfer\u0103 relaxant\u0103 \u0219i revigorant\u0103 \u00een orice camer\u0103.<\/p>\n<p>Inspirat de natur\u0103, acest parfum \u00eembin\u0103 note proaspete, valuri de acorduri de conifere \u0219i note aromatice. O not\u0103 cald\u0103 de lemn completeaz\u0103 aceast\u0103 crea\u021bie.<\/p>\n<\/div>\n\t\t<\/div>\n\t\t\t\t<\/div>\n\t\t\t\t<div class=\"elementor-element elementor-element-4d7ac40 elementor-widget elementor-widget-spacer\" data-id=\"4d7ac40\" data-element_type=\"widget\" data-widget_type=\"spacer.default\">\n\t\t\t\t<div class=\"elementor-widget-container\">\n\t\t\t\t\t<div class=\"elementor-spacer\">\n\t\t\t<div class=\"elementor-spacer-inner\"><\/div>\n\t\t<\/div>\n\t\t\t\t<\/div>\n\t\t\t\t<\/div>\n\t\t\t\t\t<\/div>\n\t\t<\/div>\n\t\t\t\t\t<\/div>\n\t\t<\/section>\n\t\t\t\t<\/div>","protected":false},"excerpt":{"rendered":"<p>&nbsp; <\/p>\n<p>Difuzor cu be\u021bi\u0219oare, cu un parfum floral elegant, care va crea o atmosfer\u0103 relaxant\u0103 \u0219i revigorant\u0103 \u00een orice camer\u0103.<\/p>\n<p>Inspirat de natur\u0103, acest parfum \u00eembin\u0103 note proaspete, valuri de acorduri de conifere \u0219i note aromatice. O not\u0103 cald\u0103 de lemn completeaz\u0103 aceast\u0103 crea\u021bie.<\/p>","protected":false},"featured_media":6504,"comment_status":"open","ping_status":"closed","template":"","meta":[],"product_cat":[262,268,275,263],"product_tag":[],"class_list":{"0":"post-6527","1":"product","2":"type-product","3":"status-publish","4":"has-post-thumbnail","6":"product_cat-home-perfumes","7":"product_cat-home-perfumes-150-ml","8":"product_cat-new-design-home-perfumes-150-ml","9":"product_cat-reed-diffusers","11":"first","12":"instock","13":"shipping-taxable","14":"product-type-simple"},"_links":{"self":[{"href":"https:\/\/theone4success.com\/ro\/wp-json\/wp\/v2\/product\/6527","targetHints":{"allow":["GET"]}}],"collection":[{"href":"https:\/\/theone4success.com\/ro\/wp-json\/wp\/v2\/product"}],"about":[{"href":"https:\/\/theone4success.com\/ro\/wp-json\/wp\/v2\/types\/product"}],"replies":[{"embeddable":true,"href":"https:\/\/theone4success.com\/ro\/wp-json\/wp\/v2\/comments?post=6527"}],"version-history":[{"count":1,"href":"https:\/\/theone4success.com\/ro\/wp-json\/wp\/v2\/product\/6527\/revisions"}],"predecessor-version":[{"id":6528,"href":"https:\/\/theone4success.com\/ro\/wp-json\/wp\/v2\/product\/6527\/revisions\/6528"}],"wp:featuredmedia":[{"embeddable":true,"href":"https:\/\/theone4success.com\/ro\/wp-json\/wp\/v2\/media\/6504"}],"wp:attachment":[{"href":"https:\/\/theone4success.com\/ro\/wp-json\/wp\/v2\/media?parent=6527"}],"wp:term":[{"taxonomy":"product_cat","embeddable":true,"href":"https:\/\/theone4success.com\/ro\/wp-json\/wp\/v2\/product_cat?post=6527"},{"taxonomy":"product_tag","embeddable":true,"href":"https:\/\/theone4success.com\/ro\/wp-json\/wp\/v2\/product_tag?post=6527"}],"curies":[{"name":"wp","href":"https:\/\/api.w.org\/{rel}","templated":true}]}}