{"id":6476,"date":"2025-04-27T21:43:27","date_gmt":"2025-04-27T19:43:27","guid":{"rendered":"https:\/\/theone4success.com\/?post_type=product&#038;p=6476"},"modified":"2025-04-27T21:52:31","modified_gmt":"2025-04-27T19:52:31","slug":"areon-home-perfume-classic-150-ml-patchouli-lavander-vanilla","status":"publish","type":"product","link":"https:\/\/theone4success.com\/ro\/products\/areon-home-perfume-classic-150-ml-patchouli-lavander-vanilla\/","title":{"rendered":"Areon Home Perfume Classic 150 ml &#8211; Patchouli, Lavander &#038; Vanilla"},"content":{"rendered":"<div data-elementor-type=\"product-post\" data-elementor-id=\"6476\" class=\"elementor elementor-6476\" data-elementor-post-type=\"product\">\n\t\t\t\t\t\t<section class=\"elementor-section elementor-top-section elementor-element elementor-element-c422de2 elementor-section-boxed elementor-section-height-default elementor-section-height-default\" data-id=\"c422de2\" data-element_type=\"section\">\n\t\t\t\t\t\t<div class=\"elementor-container elementor-column-gap-wide\">\n\t\t\t\t\t<div class=\"elementor-column elementor-col-100 elementor-top-column elementor-element elementor-element-149478d\" data-id=\"149478d\" data-element_type=\"column\">\n\t\t\t<div class=\"elementor-widget-wrap elementor-element-populated\">\n\t\t\t\t\t\t<div class=\"elementor-element elementor-element-5f4fc31 elementor-widget elementor-widget-heading\" data-id=\"5f4fc31\" data-element_type=\"widget\" data-widget_type=\"heading.default\">\n\t\t\t\t<div class=\"elementor-widget-container\">\n\t\t\t<h5 class=\"elementor-heading-title elementor-size-default\">DESCRIERE PRODUS<\/h5>\t\t<\/div>\n\t\t\t\t<\/div>\n\t\t\t\t<div class=\"elementor-element elementor-element-8a9e7d8 elementor-widget elementor-widget-spacer\" data-id=\"8a9e7d8\" data-element_type=\"widget\" data-widget_type=\"spacer.default\">\n\t\t\t\t<div class=\"elementor-widget-container\">\n\t\t\t\t\t<div class=\"elementor-spacer\">\n\t\t\t<div class=\"elementor-spacer-inner\"><\/div>\n\t\t<\/div>\n\t\t\t\t<\/div>\n\t\t\t\t<\/div>\n\t\t\t\t<div class=\"elementor-element elementor-element-00c29b4 elementor-widget elementor-widget-woocommerce-product-short-description\" data-id=\"00c29b4\" data-element_type=\"widget\" data-widget_type=\"woocommerce-product-short-description.default\">\n\t\t\t\t<div class=\"elementor-widget-container\">\n\t\t\t<div class=\"woocommerce-product-details__short-description\">\n\t<p>&nbsp; <\/p>\n<p>Un parfum elegant care va aduce prospe\u021bime \u0219i confort \u00een casa \u0219i biroul t\u0103u.<\/p>\n<p>PLV este o uniune autentic\u0103 \u0219i incomparabil\u0103 a trei parfumuri atr\u0103g\u0103toare, care provoac\u0103 un contrast instantaneu \u0219i captivant \u00eentre lavanda aromat\u0103 \u0219i energizant\u0103 \u0219i tonurile profunde \u0219i p\u0103m\u00e2ntii ale paciuliului opulent. La final, se dezv\u0103luie o nou\u0103 senzualitate, c\u00e2nd o baz\u0103 calmant\u0103 de vanilie dulce \u00eenc\u00e2nt\u0103 parfumul cu o rafinament delicios.<\/p>\n<\/div>\n\t\t<\/div>\n\t\t\t\t<\/div>\n\t\t\t\t<div class=\"elementor-element elementor-element-4d7ac40 elementor-widget elementor-widget-spacer\" data-id=\"4d7ac40\" data-element_type=\"widget\" data-widget_type=\"spacer.default\">\n\t\t\t\t<div class=\"elementor-widget-container\">\n\t\t\t\t\t<div class=\"elementor-spacer\">\n\t\t\t<div class=\"elementor-spacer-inner\"><\/div>\n\t\t<\/div>\n\t\t\t\t<\/div>\n\t\t\t\t<\/div>\n\t\t\t\t\t<\/div>\n\t\t<\/div>\n\t\t\t\t\t<\/div>\n\t\t<\/section>\n\t\t\t\t<\/div>","protected":false},"excerpt":{"rendered":"<p>&nbsp; <\/p>\n<p>Un parfum elegant care va aduce prospe\u021bime \u0219i confort \u00een casa \u0219i biroul t\u0103u.<\/p>\n<p>PLV este o uniune autentic\u0103 \u0219i incomparabil\u0103 a trei parfumuri atr\u0103g\u0103toare, care provoac\u0103 un contrast instantaneu \u0219i captivant \u00eentre lavanda aromat\u0103 \u0219i energizant\u0103 \u0219i tonurile profunde \u0219i p\u0103m\u00e2ntii ale paciuliului opulent. La final, se dezv\u0103luie o nou\u0103 senzualitate, c\u00e2nd o baz\u0103 calmant\u0103 de vanilie dulce \u00eenc\u00e2nt\u0103 parfumul cu o rafinament delicios.<\/p>","protected":false},"featured_media":6463,"comment_status":"open","ping_status":"closed","template":"","meta":[],"product_cat":[276,262,268,263],"product_tag":[],"class_list":{"0":"post-6476","1":"product","2":"type-product","3":"status-publish","4":"has-post-thumbnail","6":"product_cat-classic-home-perfumes-150-ml","7":"product_cat-home-perfumes","8":"product_cat-home-perfumes-150-ml","9":"product_cat-reed-diffusers","11":"first","12":"instock","13":"shipping-taxable","14":"product-type-simple"},"_links":{"self":[{"href":"https:\/\/theone4success.com\/ro\/wp-json\/wp\/v2\/product\/6476","targetHints":{"allow":["GET"]}}],"collection":[{"href":"https:\/\/theone4success.com\/ro\/wp-json\/wp\/v2\/product"}],"about":[{"href":"https:\/\/theone4success.com\/ro\/wp-json\/wp\/v2\/types\/product"}],"replies":[{"embeddable":true,"href":"https:\/\/theone4success.com\/ro\/wp-json\/wp\/v2\/comments?post=6476"}],"version-history":[{"count":3,"href":"https:\/\/theone4success.com\/ro\/wp-json\/wp\/v2\/product\/6476\/revisions"}],"predecessor-version":[{"id":6497,"href":"https:\/\/theone4success.com\/ro\/wp-json\/wp\/v2\/product\/6476\/revisions\/6497"}],"wp:featuredmedia":[{"embeddable":true,"href":"https:\/\/theone4success.com\/ro\/wp-json\/wp\/v2\/media\/6463"}],"wp:attachment":[{"href":"https:\/\/theone4success.com\/ro\/wp-json\/wp\/v2\/media?parent=6476"}],"wp:term":[{"taxonomy":"product_cat","embeddable":true,"href":"https:\/\/theone4success.com\/ro\/wp-json\/wp\/v2\/product_cat?post=6476"},{"taxonomy":"product_tag","embeddable":true,"href":"https:\/\/theone4success.com\/ro\/wp-json\/wp\/v2\/product_tag?post=6476"}],"curies":[{"name":"wp","href":"https:\/\/api.w.org\/{rel}","templated":true}]}}