{"id":6457,"date":"2025-04-27T21:35:28","date_gmt":"2025-04-27T19:35:28","guid":{"rendered":"https:\/\/theone4success.com\/?post_type=product&#038;p=6457"},"modified":"2025-04-27T21:52:01","modified_gmt":"2025-04-27T19:52:01","slug":"areon-home-perfume-classic-150-ml-sunny-home","status":"publish","type":"product","link":"https:\/\/theone4success.com\/ro\/products\/areon-home-perfume-classic-150-ml-sunny-home\/","title":{"rendered":"Areon Home Perfume Classic 150 ml &#8211; Sunny Home"},"content":{"rendered":"<div data-elementor-type=\"product-post\" data-elementor-id=\"6457\" class=\"elementor elementor-6457\" data-elementor-post-type=\"product\">\n\t\t\t\t\t\t<section class=\"elementor-section elementor-top-section elementor-element elementor-element-c422de2 elementor-section-boxed elementor-section-height-default elementor-section-height-default\" data-id=\"c422de2\" data-element_type=\"section\">\n\t\t\t\t\t\t<div class=\"elementor-container elementor-column-gap-wide\">\n\t\t\t\t\t<div class=\"elementor-column elementor-col-100 elementor-top-column elementor-element elementor-element-149478d\" data-id=\"149478d\" data-element_type=\"column\">\n\t\t\t<div class=\"elementor-widget-wrap elementor-element-populated\">\n\t\t\t\t\t\t<div class=\"elementor-element elementor-element-5f4fc31 elementor-widget elementor-widget-heading\" data-id=\"5f4fc31\" data-element_type=\"widget\" data-widget_type=\"heading.default\">\n\t\t\t\t<div class=\"elementor-widget-container\">\n\t\t\t<h5 class=\"elementor-heading-title elementor-size-default\">DESCRIERE PRODUS<\/h5>\t\t<\/div>\n\t\t\t\t<\/div>\n\t\t\t\t<div class=\"elementor-element elementor-element-8a9e7d8 elementor-widget elementor-widget-spacer\" data-id=\"8a9e7d8\" data-element_type=\"widget\" data-widget_type=\"spacer.default\">\n\t\t\t\t<div class=\"elementor-widget-container\">\n\t\t\t\t\t<div class=\"elementor-spacer\">\n\t\t\t<div class=\"elementor-spacer-inner\"><\/div>\n\t\t<\/div>\n\t\t\t\t<\/div>\n\t\t\t\t<\/div>\n\t\t\t\t<div class=\"elementor-element elementor-element-00c29b4 elementor-widget elementor-widget-woocommerce-product-short-description\" data-id=\"00c29b4\" data-element_type=\"widget\" data-widget_type=\"woocommerce-product-short-description.default\">\n\t\t\t\t<div class=\"elementor-widget-container\">\n\t\t\t<div class=\"woocommerce-product-details__short-description\">\n\t<p>&nbsp; <\/p>\n<p>Un parfum elegant care va aduce prospe\u021bime \u0219i confort \u00een casa \u0219i biroul t\u0103u.<\/p>\n<p>Acordurile pl\u0103cute lemnoase, aromatice \u0219i citrice vor crea o atmosfer\u0103 deosebit\u0103 peste tot \u00een casa ta.<\/p>\n<\/div>\n\t\t<\/div>\n\t\t\t\t<\/div>\n\t\t\t\t<div class=\"elementor-element elementor-element-4d7ac40 elementor-widget elementor-widget-spacer\" data-id=\"4d7ac40\" data-element_type=\"widget\" data-widget_type=\"spacer.default\">\n\t\t\t\t<div class=\"elementor-widget-container\">\n\t\t\t\t\t<div class=\"elementor-spacer\">\n\t\t\t<div class=\"elementor-spacer-inner\"><\/div>\n\t\t<\/div>\n\t\t\t\t<\/div>\n\t\t\t\t<\/div>\n\t\t\t\t\t<\/div>\n\t\t<\/div>\n\t\t\t\t\t<\/div>\n\t\t<\/section>\n\t\t\t\t<\/div>","protected":false},"excerpt":{"rendered":"<p>&nbsp; <\/p>\n<p>Un parfum elegant care va aduce prospe\u021bime \u0219i confort \u00een casa \u0219i biroul t\u0103u.<\/p>\n<p>Acordurile pl\u0103cute lemnoase, aromatice \u0219i citrice vor crea o atmosfer\u0103 deosebit\u0103 peste tot \u00een casa ta.<\/p>","protected":false},"featured_media":6466,"comment_status":"open","ping_status":"closed","template":"","meta":[],"product_cat":[276,262,268,263],"product_tag":[],"class_list":{"0":"post-6457","1":"product","2":"type-product","3":"status-publish","4":"has-post-thumbnail","6":"product_cat-classic-home-perfumes-150-ml","7":"product_cat-home-perfumes","8":"product_cat-home-perfumes-150-ml","9":"product_cat-reed-diffusers","11":"first","12":"instock","13":"shipping-taxable","14":"product-type-simple"},"_links":{"self":[{"href":"https:\/\/theone4success.com\/ro\/wp-json\/wp\/v2\/product\/6457","targetHints":{"allow":["GET"]}}],"collection":[{"href":"https:\/\/theone4success.com\/ro\/wp-json\/wp\/v2\/product"}],"about":[{"href":"https:\/\/theone4success.com\/ro\/wp-json\/wp\/v2\/types\/product"}],"replies":[{"embeddable":true,"href":"https:\/\/theone4success.com\/ro\/wp-json\/wp\/v2\/comments?post=6457"}],"version-history":[{"count":2,"href":"https:\/\/theone4success.com\/ro\/wp-json\/wp\/v2\/product\/6457\/revisions"}],"predecessor-version":[{"id":6490,"href":"https:\/\/theone4success.com\/ro\/wp-json\/wp\/v2\/product\/6457\/revisions\/6490"}],"wp:featuredmedia":[{"embeddable":true,"href":"https:\/\/theone4success.com\/ro\/wp-json\/wp\/v2\/media\/6466"}],"wp:attachment":[{"href":"https:\/\/theone4success.com\/ro\/wp-json\/wp\/v2\/media?parent=6457"}],"wp:term":[{"taxonomy":"product_cat","embeddable":true,"href":"https:\/\/theone4success.com\/ro\/wp-json\/wp\/v2\/product_cat?post=6457"},{"taxonomy":"product_tag","embeddable":true,"href":"https:\/\/theone4success.com\/ro\/wp-json\/wp\/v2\/product_tag?post=6457"}],"curies":[{"name":"wp","href":"https:\/\/api.w.org\/{rel}","templated":true}]}}