{"id":4649,"date":"2025-04-16T00:03:58","date_gmt":"2025-04-15T22:03:58","guid":{"rendered":"https:\/\/theone4success.com\/?post_type=product&#038;p=4649"},"modified":"2025-04-16T00:05:08","modified_gmt":"2025-04-15T22:05:08","slug":"areon-car-perfume-areon-x-mountain-fresh-green","status":"publish","type":"product","link":"https:\/\/theone4success.com\/ro\/products\/areon-car-perfume-areon-x-mountain-fresh-green\/","title":{"rendered":"Areon Car Perfume &#8211; Areon X &#8211; Mountain Fresh Green"},"content":{"rendered":"<div data-elementor-type=\"product-post\" data-elementor-id=\"4649\" class=\"elementor elementor-4649\" data-elementor-post-type=\"product\">\n\t\t\t\t\t\t<section class=\"elementor-section elementor-top-section elementor-element elementor-element-c422de2 elementor-section-boxed elementor-section-height-default elementor-section-height-default\" data-id=\"c422de2\" data-element_type=\"section\">\n\t\t\t\t\t\t<div class=\"elementor-container elementor-column-gap-wide\">\n\t\t\t\t\t<div class=\"elementor-column elementor-col-100 elementor-top-column elementor-element elementor-element-149478d\" data-id=\"149478d\" data-element_type=\"column\">\n\t\t\t<div class=\"elementor-widget-wrap elementor-element-populated\">\n\t\t\t\t\t\t<div class=\"elementor-element elementor-element-5f4fc31 elementor-widget elementor-widget-heading\" data-id=\"5f4fc31\" data-element_type=\"widget\" data-widget_type=\"heading.default\">\n\t\t\t\t<div class=\"elementor-widget-container\">\n\t\t\t<h5 class=\"elementor-heading-title elementor-size-default\">DESCRIERE PRODUS<\/h5>\t\t<\/div>\n\t\t\t\t<\/div>\n\t\t\t\t<div class=\"elementor-element elementor-element-8a9e7d8 elementor-widget elementor-widget-spacer\" data-id=\"8a9e7d8\" data-element_type=\"widget\" data-widget_type=\"spacer.default\">\n\t\t\t\t<div class=\"elementor-widget-container\">\n\t\t\t\t\t<div class=\"elementor-spacer\">\n\t\t\t<div class=\"elementor-spacer-inner\"><\/div>\n\t\t<\/div>\n\t\t\t\t<\/div>\n\t\t\t\t<\/div>\n\t\t\t\t<div class=\"elementor-element elementor-element-c416e02 elementor-widget elementor-widget-text-editor\" data-id=\"c416e02\" data-element_type=\"widget\" data-widget_type=\"text-editor.default\">\n\t\t\t\t<div class=\"elementor-widget-container\">\n\t\t\t\t\t\t\t<div class=\"text text--thin text--p-50\"><div class=\"text text--thin text--p-50\"><div class=\"text text--thin text--p-50\"><div class=\"text text--thin text--p-50\"><div class=\"text text--thin text--p-50\"><div class=\"text text--thin text--p-50\"><div class=\"text text--thin text--p-50\"><div class=\"text text--thin text--p-50\"><div class=\"text text--thin text--p-50\"><div class=\"text text--thin text--p-50\"><div class=\"text text--thin text--p-50\"><div class=\"text text--thin text--p-50\"><div class=\"text text--thin text--p-50\"><div class=\"text text--thin text--p-50\"><div class=\"text text--thin text--p-50\"><p>Areon X este un odorizant cu un parfum \u0219i un stil deosebit.<\/p><p>Las\u0103 acest parfum proasp\u0103t s\u0103 te poarte \u00eentr-o c\u0103l\u0103torie \u00een natur\u0103, unde aerul este \u00eentotdeauna curat ca un cristal.<\/p><\/div><\/div><\/div><\/div><\/div><\/div><\/div><\/div><\/div><\/div><\/div><\/div><\/div><\/div><\/div>\t\t\t\t\t\t<\/div>\n\t\t\t\t<\/div>\n\t\t\t\t<div class=\"elementor-element elementor-element-4d7ac40 elementor-widget elementor-widget-spacer\" data-id=\"4d7ac40\" data-element_type=\"widget\" data-widget_type=\"spacer.default\">\n\t\t\t\t<div class=\"elementor-widget-container\">\n\t\t\t\t\t<div class=\"elementor-spacer\">\n\t\t\t<div class=\"elementor-spacer-inner\"><\/div>\n\t\t<\/div>\n\t\t\t\t<\/div>\n\t\t\t\t<\/div>\n\t\t\t\t\t<\/div>\n\t\t<\/div>\n\t\t\t\t\t<\/div>\n\t\t<\/section>\n\t\t\t\t<\/div>","protected":false},"excerpt":{"rendered":"<div class=\"text text--thin text--p-50\">\n<div class=\"text text--thin text--p-50\">\n<div class=\"text text--thin text--p-50\">\n<div class=\"text text--thin text--p-50\">\n<div class=\"text text--thin text--p-50\">\n<div class=\"text text--thin text--p-50\">\n<div class=\"text text--thin text--p-50\">\n<div class=\"text text--thin text--p-50\">\n<div class=\"text text--thin text--p-50\">\n<div class=\"text text--thin text--p-50\">\n<div class=\"text text--thin text--p-50\">\n<div class=\"text text--thin text--p-50\">\n<div class=\"text text--thin text--p-50\">\n<div class=\"text text--thin text--p-50\">\n<div class=\"text text--thin text--p-50\">\n<div class=\"text text--thin text--p-50\">\n<div class=\"text text--thin text--p-50\">\n<p>Areon X este un odorizant cu un parfum \u0219i un stil deosebit.<\/p>\n<\/div>\n<div class=\"text text--thin text--p-50\">\n<p>Las\u0103 acest parfum proasp\u0103t s\u0103 te poarte \u00eentr-o c\u0103l\u0103torie \u00een natur\u0103, unde aerul este \u00eentotdeauna curat ca un cristal.<\/p>\n<\/div>\n<\/div>\n<\/div>\n<\/div>\n<\/div>\n<\/div>\n<\/div>\n<\/div>\n<\/div>\n<\/div>\n<\/div>\n<\/div>\n<\/div>\n<\/div>\n<\/div>\n<\/div>\n<\/div>","protected":false},"featured_media":4554,"comment_status":"open","ping_status":"closed","template":"","meta":[],"product_cat":[136,27,30],"product_tag":[],"class_list":{"0":"post-4649","1":"product","2":"type-product","3":"status-publish","4":"has-post-thumbnail","6":"product_cat-areon-x","7":"product_cat-car","8":"product_cat-hanging-air-freshners","10":"first","11":"instock","12":"shipping-taxable","13":"product-type-simple"},"_links":{"self":[{"href":"https:\/\/theone4success.com\/ro\/wp-json\/wp\/v2\/product\/4649","targetHints":{"allow":["GET"]}}],"collection":[{"href":"https:\/\/theone4success.com\/ro\/wp-json\/wp\/v2\/product"}],"about":[{"href":"https:\/\/theone4success.com\/ro\/wp-json\/wp\/v2\/types\/product"}],"replies":[{"embeddable":true,"href":"https:\/\/theone4success.com\/ro\/wp-json\/wp\/v2\/comments?post=4649"}],"version-history":[{"count":1,"href":"https:\/\/theone4success.com\/ro\/wp-json\/wp\/v2\/product\/4649\/revisions"}],"predecessor-version":[{"id":4650,"href":"https:\/\/theone4success.com\/ro\/wp-json\/wp\/v2\/product\/4649\/revisions\/4650"}],"wp:featuredmedia":[{"embeddable":true,"href":"https:\/\/theone4success.com\/ro\/wp-json\/wp\/v2\/media\/4554"}],"wp:attachment":[{"href":"https:\/\/theone4success.com\/ro\/wp-json\/wp\/v2\/media?parent=4649"}],"wp:term":[{"taxonomy":"product_cat","embeddable":true,"href":"https:\/\/theone4success.com\/ro\/wp-json\/wp\/v2\/product_cat?post=4649"},{"taxonomy":"product_tag","embeddable":true,"href":"https:\/\/theone4success.com\/ro\/wp-json\/wp\/v2\/product_tag?post=4649"}],"curies":[{"name":"wp","href":"https:\/\/api.w.org\/{rel}","templated":true}]}}