{"id":4353,"date":"2025-04-15T16:13:10","date_gmt":"2025-04-15T14:13:10","guid":{"rendered":"https:\/\/theone4success.com\/?post_type=product&#038;p=4353"},"modified":"2025-04-15T16:15:18","modified_gmt":"2025-04-15T14:15:18","slug":"areon-car-perfume-mon-areon-orient-royal-musk","status":"publish","type":"product","link":"https:\/\/theone4success.com\/ro\/products\/areon-car-perfume-mon-areon-orient-royal-musk\/","title":{"rendered":"Areon Car Perfume &#8211; Mon Areon Orient &#8211; Royal Musk"},"content":{"rendered":"<div data-elementor-type=\"product-post\" data-elementor-id=\"4353\" class=\"elementor elementor-4353\" data-elementor-post-type=\"product\">\n\t\t\t\t\t\t<section class=\"elementor-section elementor-top-section elementor-element elementor-element-c422de2 elementor-section-boxed elementor-section-height-default elementor-section-height-default\" data-id=\"c422de2\" data-element_type=\"section\">\n\t\t\t\t\t\t<div class=\"elementor-container elementor-column-gap-wide\">\n\t\t\t\t\t<div class=\"elementor-column elementor-col-100 elementor-top-column elementor-element elementor-element-149478d\" data-id=\"149478d\" data-element_type=\"column\">\n\t\t\t<div class=\"elementor-widget-wrap elementor-element-populated\">\n\t\t\t\t\t\t<div class=\"elementor-element elementor-element-5f4fc31 elementor-widget elementor-widget-heading\" data-id=\"5f4fc31\" data-element_type=\"widget\" data-widget_type=\"heading.default\">\n\t\t\t\t<div class=\"elementor-widget-container\">\n\t\t\t<h5 class=\"elementor-heading-title elementor-size-default\">DESCRIERE PRODUS<\/h5>\t\t<\/div>\n\t\t\t\t<\/div>\n\t\t\t\t<div class=\"elementor-element elementor-element-8a9e7d8 elementor-widget elementor-widget-spacer\" data-id=\"8a9e7d8\" data-element_type=\"widget\" data-widget_type=\"spacer.default\">\n\t\t\t\t<div class=\"elementor-widget-container\">\n\t\t\t\t\t<div class=\"elementor-spacer\">\n\t\t\t<div class=\"elementor-spacer-inner\"><\/div>\n\t\t<\/div>\n\t\t\t\t<\/div>\n\t\t\t\t<\/div>\n\t\t\t\t<div class=\"elementor-element elementor-element-c416e02 elementor-widget elementor-widget-text-editor\" data-id=\"c416e02\" data-element_type=\"widget\" data-widget_type=\"text-editor.default\">\n\t\t\t\t<div class=\"elementor-widget-container\">\n\t\t\t\t\t\t\t<div class=\"text text--thin text--p-50\"><div class=\"text text--thin text--p-50\"><div class=\"text text--thin text--p-50\"><div class=\"text text--thin text--p-50\"><div class=\"text text--thin text--p-50\"><div class=\"text text--thin text--p-50\"><div class=\"text text--thin text--p-50\"><div class=\"text text--thin text--p-50\"><div class=\"text text--thin text--p-50\"><div class=\"text text--thin text--p-50\"><div class=\"text text--thin text--p-50\"><p>Mon Areon este o colec\u021bie contemporan\u0103 de odorizante de camer\u0103 care \u00ee\u021bi captiveaz\u0103 sim\u021burile. Designul pl\u0103cut \u0219i parfumurile atent selectate invit\u0103 la senza\u021bia de prospe\u021bime, puritate \u0219i confort.<\/p><p>Royal Musk este un parfum sofisticat \u0219i elegant, un simbol al luxului \u0219i senzualit\u0103\u021bii. Parfumul promite s\u0103 captiveze pasiona\u021bii de parfumuri genera\u021bii \u00eentregi.<\/p><\/div><\/div><\/div><\/div><\/div><\/div><\/div><\/div><\/div><\/div><\/div>\t\t\t\t\t\t<\/div>\n\t\t\t\t<\/div>\n\t\t\t\t<div class=\"elementor-element elementor-element-4d7ac40 elementor-widget elementor-widget-spacer\" data-id=\"4d7ac40\" data-element_type=\"widget\" data-widget_type=\"spacer.default\">\n\t\t\t\t<div class=\"elementor-widget-container\">\n\t\t\t\t\t<div class=\"elementor-spacer\">\n\t\t\t<div class=\"elementor-spacer-inner\"><\/div>\n\t\t<\/div>\n\t\t\t\t<\/div>\n\t\t\t\t<\/div>\n\t\t\t\t\t<\/div>\n\t\t<\/div>\n\t\t\t\t\t<\/div>\n\t\t<\/section>\n\t\t\t\t<\/div>","protected":false},"excerpt":{"rendered":"<div class=\"text text--thin text--p-50\">\n<div class=\"text text--thin text--p-50\">\n<div class=\"text text--thin text--p-50\">\n<div class=\"text text--thin text--p-50\">\n<div class=\"text text--thin text--p-50\">\n<div class=\"text text--thin text--p-50\">\n<div class=\"text text--thin text--p-50\">\n<div class=\"text text--thin text--p-50\">\n<div class=\"text text--thin text--p-50\">\n<div class=\"text text--thin text--p-50\">\n<div class=\"text text--thin text--p-50\">\n<div class=\"text text--thin text--p-50\">\n<div class=\"text text--thin text--p-50\">\n<div class=\"text text--thin text--p-50\">\n<p>Mon Areon este o colec\u021bie contemporan\u0103 de odorizante de camer\u0103 care \u00ee\u021bi captiveaz\u0103 sim\u021burile. Designul pl\u0103cut \u0219i parfumurile atent selectate invit\u0103 la senza\u021bia de prospe\u021bime, puritate \u0219i confort.<\/p>\n<\/div>\n<div class=\"text text--thin text--p-50\">\n<p>Royal Musk este un parfum sofisticat \u0219i elegant, un simbol al luxului \u0219i senzualit\u0103\u021bii. Parfumul promite s\u0103 captiveze pasiona\u021bii de parfumuri genera\u021bii \u00eentregi.<\/p>\n<\/div>\n<\/div>\n<\/div>\n<\/div>\n<\/div>\n<\/div>\n<\/div>\n<\/div>\n<\/div>\n<\/div>\n<\/div>\n<\/div>\n<\/div>\n<\/div>","protected":false},"featured_media":4324,"comment_status":"open","ping_status":"closed","template":"","meta":[],"product_cat":[27,30,57,124],"product_tag":[],"class_list":{"0":"post-4353","1":"product","2":"type-product","3":"status-publish","4":"has-post-thumbnail","6":"product_cat-car","7":"product_cat-hanging-air-freshners","8":"product_cat-mon-areon","9":"product_cat-orient","11":"first","12":"instock","13":"shipping-taxable","14":"product-type-simple"},"_links":{"self":[{"href":"https:\/\/theone4success.com\/ro\/wp-json\/wp\/v2\/product\/4353","targetHints":{"allow":["GET"]}}],"collection":[{"href":"https:\/\/theone4success.com\/ro\/wp-json\/wp\/v2\/product"}],"about":[{"href":"https:\/\/theone4success.com\/ro\/wp-json\/wp\/v2\/types\/product"}],"replies":[{"embeddable":true,"href":"https:\/\/theone4success.com\/ro\/wp-json\/wp\/v2\/comments?post=4353"}],"version-history":[{"count":4,"href":"https:\/\/theone4success.com\/ro\/wp-json\/wp\/v2\/product\/4353\/revisions"}],"predecessor-version":[{"id":4357,"href":"https:\/\/theone4success.com\/ro\/wp-json\/wp\/v2\/product\/4353\/revisions\/4357"}],"wp:featuredmedia":[{"embeddable":true,"href":"https:\/\/theone4success.com\/ro\/wp-json\/wp\/v2\/media\/4324"}],"wp:attachment":[{"href":"https:\/\/theone4success.com\/ro\/wp-json\/wp\/v2\/media?parent=4353"}],"wp:term":[{"taxonomy":"product_cat","embeddable":true,"href":"https:\/\/theone4success.com\/ro\/wp-json\/wp\/v2\/product_cat?post=4353"},{"taxonomy":"product_tag","embeddable":true,"href":"https:\/\/theone4success.com\/ro\/wp-json\/wp\/v2\/product_tag?post=4353"}],"curies":[{"name":"wp","href":"https:\/\/api.w.org\/{rel}","templated":true}]}}